{"id":471,"date":"2023-09-18T15:45:16","date_gmt":"2023-09-18T15:45:16","guid":{"rendered":"https:\/\/futureforfish.org\/?page_id=471"},"modified":"2024-02-27T13:27:34","modified_gmt":"2024-02-27T13:27:34","slug":"landing-page","status":"publish","type":"page","link":"https:\/\/futureforfish.org\/index.php\/landing-page\/","title":{"rendered":"ELEKTR\u0130KL\u0130 HASAT S\u0130STEM\u0130 T\u00dcRK\u0130YE RAPORU"},"content":{"rendered":"<p>[et_pb_section fb_built=&#8221;1&#8243; admin_label=&#8221;Header&#8221; _builder_version=&#8221;4.19.4&#8243; _module_preset=&#8221;default&#8221; background_color=&#8221;rgba(30,42,82,0.16)&#8221; background_image=&#8221;https:\/\/futureforfish.org\/wp-content\/uploads\/2023\/09\/pexels-berend-de-kort-1452701-scaled.jpg&#8221; min_height=&#8221;100%&#8221; custom_margin=&#8221;||||false|false&#8221; custom_padding=&#8221;18.6%||||false|false&#8221; bottom_divider_style=&#8221;asymmetric&#8221; bottom_divider_color=&#8221;#1E2A52&#8243; bottom_divider_height=&#8221;191px&#8221; bottom_divider_repeat=&#8221;1x&#8221; locked=&#8221;off&#8221; collapsed=&#8221;off&#8221; global_colors_info=&#8221;{}&#8221;][et_pb_row column_structure=&#8221;3_5,2_5&#8243; _builder_version=&#8221;4.19.4&#8243; _module_preset=&#8221;default&#8221; positioning=&#8221;none&#8221; z_index=&#8221;1&#8243; width=&#8221;73.9%&#8221; min_height=&#8221;681.6px&#8221; custom_margin=&#8221;auto|auto|auto|auto|false|false&#8221; custom_padding=&#8221;|1px|||false|false&#8221; custom_css_main_element=&#8221;align-items:center&#8221; global_colors_info=&#8221;{}&#8221;][et_pb_column type=&#8221;3_5&#8243; _builder_version=&#8221;4.18.0&#8243; _module_preset=&#8221;default&#8221; global_colors_info=&#8221;{}&#8221;][et_pb_text _builder_version=&#8221;4.19.4&#8243; _module_preset=&#8221;c16985e1-e0d6-4022-964d-e2bfc04fa633&#8243; text_text_color=&#8221;#FFFFFF&#8221; header_font=&#8221;Poppins|700|||||||&#8221; header_text_color=&#8221;#FFFFFF&#8221; header_font_size=&#8221;72px&#8221; header_line_height=&#8221;1.2em&#8221; text_orientation=&#8221;center&#8221; header_font_size_tablet=&#8221;40px&#8221; header_font_size_phone=&#8221;24px&#8221; header_font_size_last_edited=&#8221;on|desktop&#8221; inline_fonts=&#8221;Poppins&#8221; global_colors_info=&#8221;{}&#8221;]<\/p>\n<h1 style=\"text-align: left;\"><strong><span style=\"color: #1e2a52; font-family: Poppins;\">ELEKTR\u0130KL\u0130 HASAT S\u0130STEM\u0130 T\u00dcRK\u0130YE RAPORU<\/span><\/strong><\/h1>\n<p>[\/et_pb_text][et_pb_text _builder_version=&#8221;4.19.4&#8243; _module_preset=&#8221;518880c8-46c7-4ffa-b5a6-93ffa99dcc17&#8243; text_font=&#8221;Poppins||||||||&#8221; text_text_color=&#8221;#FFFFFF&#8221; text_font_size=&#8221;18px&#8221; text_line_height=&#8221;1.6em&#8221; link_text_color=&#8221;#FFFFFF&#8221; header_text_color=&#8221;#FFFFFF&#8221; text_orientation=&#8221;center&#8221; custom_padding=&#8221;||0px|||&#8221; text_font_size_tablet=&#8221;16px&#8221; text_font_size_phone=&#8221;14px&#8221; text_font_size_last_edited=&#8221;on|phone&#8221; global_colors_info=&#8221;{}&#8221;]<\/p>\n<p style=\"text-align: left;\"><span style=\"color: #1e2a52;\"><span style=\"color: #ffffff;\">T\u00fcrkiye\u2019de bir ilk olan Elektrikli Hasat Sistemi Raporu\u2019muz yay\u0131nlan\u0131yor! Raporla ilgili geli\u015fmelerden haberdar olmak ve 17 Kas\u0131m 2023\u2019te raporun dijital kopyas\u0131na sahip olmak i\u00e7in kay\u0131t olmay\u0131 unutmay\u0131n<\/span>.<\/span><\/p>\n<p>[\/et_pb_text][et_pb_button button_url=&#8221;#Download-report&#8221; button_text=&#8221;Raporu \u0130ND\u0130R\u0130N&#8221; button_alignment=&#8221;left&#8221; _builder_version=&#8221;4.19.4&#8243; _module_preset=&#8221;31b4f027-aaa0-4f2f-ae02-959764e19e4f&#8221; custom_button=&#8221;on&#8221; button_text_size=&#8221;14px&#8221; button_text_color=&#8221;#FFFFFF&#8221; button_bg_color=&#8221;#1E2A52&#8243; button_border_width=&#8221;0px&#8221; button_border_radius=&#8221;100px&#8221; button_font=&#8221;Hind|700||on|||||&#8221; custom_padding=&#8221;18px|32px|18px|32px|true|true&#8221; global_colors_info=&#8221;{}&#8221;][\/et_pb_button][\/et_pb_column][et_pb_column type=&#8221;2_5&#8243; _builder_version=&#8221;4.18.0&#8243; _module_preset=&#8221;default&#8221; global_colors_info=&#8221;{}&#8221;][\/et_pb_column][\/et_pb_row][\/et_pb_section][et_pb_section fb_built=&#8221;1&#8243; _builder_version=&#8221;4.19.4&#8243; _module_preset=&#8221;default&#8221; min_height=&#8221;166.8px&#8221; custom_margin=&#8221;0px||-22px||false|false&#8221; custom_padding=&#8221;122px||0px||false|false&#8221; top_divider_style=&#8221;mountains&#8221; top_divider_color=&#8221;#1E2A52&#8243; top_divider_height=&#8221;140px&#8221; global_colors_info=&#8221;{}&#8221;][et_pb_row _builder_version=&#8221;4.19.4&#8243; _module_preset=&#8221;default&#8221; global_colors_info=&#8221;{}&#8221;][et_pb_column type=&#8221;4_4&#8243; _builder_version=&#8221;4.19.4&#8243; _module_preset=&#8221;default&#8221; global_colors_info=&#8221;{}&#8221;][et_pb_text disabled_on=&#8221;on|on|off&#8221; _builder_version=&#8221;4.19.4&#8243; _module_preset=&#8221;default&#8221; text_font=&#8221;Poppins|800|||||||&#8221; text_text_color=&#8221;#1E2A52&#8243; text_font_size=&#8221;68px&#8221; header_font=&#8221;Poppins|800|||||||&#8221; header_text_color=&#8221;#1E2A52&#8243; text_orientation=&#8221;center&#8221; text_text_shadow_style=&#8221;preset1&#8243; global_colors_info=&#8221;{}&#8221;]<\/p>\n<p>NELER SUNUYORUZ<\/p>\n<p>[\/et_pb_text][et_pb_text disabled_on=&#8221;on|off|on&#8221; _builder_version=&#8221;4.19.4&#8243; _module_preset=&#8221;default&#8221; text_font=&#8221;Poppins|800|||||||&#8221; text_text_color=&#8221;#1E2A52&#8243; text_font_size=&#8221;36px&#8221; header_font=&#8221;Poppins|800|||||||&#8221; header_text_color=&#8221;#1E2A52&#8243; text_orientation=&#8221;center&#8221; text_text_shadow_style=&#8221;preset1&#8243; locked=&#8221;off&#8221; global_colors_info=&#8221;{}&#8221;]<\/p>\n<p>NELER SUNUYORUZ<\/p>\n<p>[\/et_pb_text][et_pb_text disabled_on=&#8221;off|on|on&#8221; _builder_version=&#8221;4.19.4&#8243; _module_preset=&#8221;default&#8221; text_font=&#8221;Poppins|800|||||||&#8221; text_text_color=&#8221;#1E2A52&#8243; text_font_size=&#8221;2em&#8221; header_font=&#8221;Poppins|800|||||||&#8221; header_text_color=&#8221;#1E2A52&#8243; text_orientation=&#8221;center&#8221; text_text_shadow_style=&#8221;preset1&#8243; locked=&#8221;off&#8221; global_colors_info=&#8221;{}&#8221;]<\/p>\n<p>NELER SUNUYORUZ<\/p>\n<p>[\/et_pb_text][\/et_pb_column][\/et_pb_row][\/et_pb_section][et_pb_section fb_built=&#8221;1&#8243; _builder_version=&#8221;4.19.4&#8243; _module_preset=&#8221;default&#8221; global_colors_info=&#8221;{}&#8221;][et_pb_row column_structure=&#8221;1_5,1_5,1_5,1_5,1_5&#8243; _builder_version=&#8221;4.19.4&#8243; _module_preset=&#8221;default&#8221; max_width=&#8221;90%&#8221; custom_margin=&#8221;||||false|false&#8221; custom_padding=&#8221;||||false|false&#8221; global_colors_info=&#8221;{}&#8221;][et_pb_column type=&#8221;1_5&#8243; _builder_version=&#8221;4.19.4&#8243; _module_preset=&#8221;default&#8221; custom_padding=&#8221;2em|1em|2em|1em|false|false&#8221; border_radii=&#8221;off|20px|20px|20px|20px&#8221; border_width_all=&#8221;2px&#8221; border_color_all=&#8221;RGBA(255,255,255,0)&#8221; box_shadow_style=&#8221;preset3&#8243; box_shadow_spread=&#8221;-80px&#8221; box_shadow_color=&#8221;#1E2A52&#8243; global_colors_info=&#8221;{}&#8221; box_shadow_spread__hover_enabled=&#8221;on|hover&#8221; box_shadow_spread__hover=&#8221;-8px&#8221;][et_pb_image src=&#8221;https:\/\/futureforfish.org\/wp-content\/uploads\/2023\/09\/icon1.png&#8221; title_text=&#8221;icon1&#8243; _builder_version=&#8221;4.19.4&#8243; _module_preset=&#8221;default&#8221; hover_enabled=&#8221;0&#8243; global_colors_info=&#8221;{}&#8221; align_last_edited=&#8221;on|phone&#8221; align_phone=&#8221;center&#8221; custom_margin_last_edited=&#8221;on|phone&#8221; sticky_enabled=&#8221;0&#8243;][\/et_pb_image][et_pb_text admin_label=&#8221;Text&#8221; _builder_version=&#8221;4.19.4&#8243; _module_preset=&#8221;default&#8221; text_font=&#8221;Poppins||||||||&#8221; text_text_color=&#8221;#1E2A52&#8243; header_font=&#8221;Poppins||||||||&#8221; header_text_color=&#8221;#1E2A52&#8243; header_3_font=&#8221;Poppins||||||||&#8221; header_3_text_color=&#8221;#1E2A52&#8243; global_colors_info=&#8221;{}&#8221;]<\/p>\n<h3 style=\"text-align: center;\"><strong>\u00c7\u0131\u011f\u0131r a\u00e7an bir giri\u015fimin par\u00e7as\u0131 olun<\/strong><\/h3>\n<p style=\"text-align: center;\"><span style=\"font-weight: 400; color: #1e2a52;\"> Raporumuz, elektrikli hasat sistemi ve sonu\u00e7lar\u0131n\u0131 kapsaml\u0131 bir \u015fekilde ele alan T\u00fcrkiye&#8217;deki ilk rapor.<\/span><\/p>\n<p>[\/et_pb_text][\/et_pb_column][et_pb_column type=&#8221;1_5&#8243; _builder_version=&#8221;4.19.4&#8243; _module_preset=&#8221;default&#8221; custom_padding=&#8221;2em|1em|2em|1em|false|false&#8221; border_radii=&#8221;on|20px|20px|20px|20px&#8221; border_width_all=&#8221;2px&#8221; border_color_all=&#8221;RGBA(255,255,255,0)&#8221; box_shadow_style=&#8221;preset3&#8243; box_shadow_blur=&#8221;19px&#8221; box_shadow_spread=&#8221;-80px&#8221; box_shadow_color=&#8221;#1E2A52&#8243; global_colors_info=&#8221;{}&#8221; box_shadow_spread__hover_enabled=&#8221;on|hover&#8221; box_shadow_spread__hover=&#8221;-12px&#8221;][et_pb_image src=&#8221;https:\/\/futureforfish.org\/wp-content\/uploads\/2023\/09\/icon-2-1.png&#8221; title_text=&#8221;icon-2 (1)&#8221; _builder_version=&#8221;4.19.4&#8243; _module_preset=&#8221;default&#8221; hover_enabled=&#8221;0&#8243; global_colors_info=&#8221;{}&#8221; sticky_enabled=&#8221;0&#8243; align_last_edited=&#8221;on|phone&#8221; align_phone=&#8221;center&#8221; custom_padding_last_edited=&#8221;on|phone&#8221; custom_margin_last_edited=&#8221;on|phone&#8221;][\/et_pb_image][et_pb_text _builder_version=&#8221;4.19.4&#8243; _module_preset=&#8221;default&#8221; text_font=&#8221;Poppins||||||||&#8221; text_text_color=&#8221;#1E2A52&#8243; header_3_font=&#8221;Poppins||||||||&#8221; header_3_text_color=&#8221;#1E2A52&#8243; global_colors_info=&#8221;{}&#8221;]<\/p>\n<h3 style=\"text-align: center;\"><strong>Elektrikli Hasat Makinesine ili\u015fkin Bilgi Edinin<\/strong><\/h3>\n<h3 style=\"text-align: center;\"><span style=\"font-weight: 400; font-size: small;\">T\u00fcrkiye&#8217;de hasat s\u0131ras\u0131nda bal\u0131k refah\u0131n\u0131n durumuna ili\u015fkin de\u011ferli bilgilere eri\u015ferek s\u0131kl\u0131kla g\u00f6zden ka\u00e7\u0131r\u0131lan bir konu hakk\u0131nda bilgi sahibi olun.<\/span><\/h3>\n<p>[\/et_pb_text][\/et_pb_column][et_pb_column type=&#8221;1_5&#8243; _builder_version=&#8221;4.19.4&#8243; _module_preset=&#8221;default&#8221; custom_padding=&#8221;2em|1em|2em|1em|false|false&#8221; border_radii=&#8221;on|20px|20px|20px|20px&#8221; border_width_all=&#8221;2px&#8221; border_color_all=&#8221;RGBA(255,255,255,0)&#8221; box_shadow_style=&#8221;preset3&#8243; box_shadow_spread=&#8221;-80px&#8221; box_shadow_color=&#8221;#1E2A52&#8243; global_colors_info=&#8221;{}&#8221; box_shadow_spread__hover_enabled=&#8221;on|hover&#8221; box_shadow_spread__hover=&#8221;-12px&#8221;][et_pb_image src=&#8221;https:\/\/futureforfish.org\/wp-content\/uploads\/2023\/09\/icon-3.png&#8221; title_text=&#8221;icon-3&#8243; _builder_version=&#8221;4.19.4&#8243; _module_preset=&#8221;default&#8221; hover_enabled=&#8221;0&#8243; global_colors_info=&#8221;{}&#8221; align_last_edited=&#8221;on|phone&#8221; align_phone=&#8221;right&#8221; sticky_enabled=&#8221;0&#8243;][\/et_pb_image][et_pb_text _builder_version=&#8221;4.19.4&#8243; _module_preset=&#8221;default&#8221; text_font=&#8221;Poppins||||||||&#8221; text_text_color=&#8221;#1E2A52&#8243; header_3_font=&#8221;Poppins||||||||&#8221; header_3_text_color=&#8221;#1E2A52&#8243; global_colors_info=&#8221;{}&#8221;]<\/p>\n<h3 style=\"text-align: center;\"><strong>Sekt\u00f6r\u00fcn bak\u0131\u015f a\u00e7\u0131s\u0131n\u0131 \u00f6\u011frenin <\/strong><\/h3>\n<p style=\"text-align: center;\"><span style=\"font-weight: 400;\">Sekt\u00f6rdeki en b\u00fcy\u00fck \u015firketlerle r\u00f6portajlar yaparak onlar\u0131n uygulamalar\u0131 ve bak\u0131\u015f a\u00e7\u0131lar\u0131nda yola \u00e7\u0131karak ula\u015ft\u0131\u011f\u0131m\u0131z bulgular\u0131m\u0131z\u0131 sa\u011flad\u0131k.<\/span><\/p>\n<p>[\/et_pb_text][\/et_pb_column][et_pb_column type=&#8221;1_5&#8243; _builder_version=&#8221;4.19.4&#8243; _module_preset=&#8221;default&#8221; custom_padding=&#8221;2em|1em|2em|1em|false|false&#8221; border_radii=&#8221;on|20px|20px|20px|20px&#8221; border_width_all=&#8221;2px&#8221; border_color_all=&#8221;RGBA(255,255,255,0)&#8221; box_shadow_style=&#8221;preset3&#8243; box_shadow_spread=&#8221;-80px&#8221; box_shadow_color=&#8221;#1E2A52&#8243; global_colors_info=&#8221;{}&#8221; box_shadow_spread__hover_enabled=&#8221;on|hover&#8221; box_shadow_spread__hover=&#8221;-12px&#8221;][et_pb_image src=&#8221;https:\/\/futureforfish.org\/wp-content\/uploads\/2023\/09\/icon-4.png&#8221; title_text=&#8221;icon-4&#8243; _builder_version=&#8221;4.19.4&#8243; _module_preset=&#8221;default&#8221; hover_enabled=&#8221;0&#8243; global_colors_info=&#8221;{}&#8221; align_last_edited=&#8221;on|phone&#8221; align_phone=&#8221;right&#8221; sticky_enabled=&#8221;0&#8243;][\/et_pb_image][et_pb_text _builder_version=&#8221;4.19.4&#8243; _module_preset=&#8221;default&#8221; text_font=&#8221;Poppins||||||||&#8221; text_text_color=&#8221;#1E2A52&#8243; header_font=&#8221;Poppins||||||||&#8221; header_text_color=&#8221;#1E2A52&#8243; custom_margin=&#8221;|-7px||||&#8221; global_colors_info=&#8221;{}&#8221;]<\/p>\n<h3 style=\"text-align: center;\"><span style=\"font-weight: 400;\"><strong>\u00c7al\u0131\u015fmalar\u0131n\u0131z i\u00e7in kaynak al\u0131n<\/strong><\/span><\/h3>\n<p style=\"text-align: center;\"><span style=\"font-weight: 400;\">Rapor i\u00e7eri\u011findeki veriler sadece T\u00fcrkiye i\u00e7in \u00f6nemli de\u011fil; bal\u0131k refah\u0131n\u0131 iyile\u015ftirmeye y\u00f6nelik \u00e7al\u0131\u015fan d\u00fcnya \u00e7ap\u0131ndaki t\u00fcm payda\u015flar yararlanabilir.<\/span><\/p>\n<p>[\/et_pb_text][\/et_pb_column][et_pb_column type=&#8221;1_5&#8243; _builder_version=&#8221;4.19.4&#8243; _module_preset=&#8221;default&#8221; custom_padding=&#8221;2em|1em|2em|1em|false|false&#8221; border_radii=&#8221;on|20px|20px|20px|20px&#8221; border_width_all=&#8221;2px&#8221; border_color_all=&#8221;RGBA(255,255,255,0)&#8221; box_shadow_style=&#8221;preset3&#8243; box_shadow_spread=&#8221;-80px&#8221; box_shadow_color=&#8221;#1E2A52&#8243; global_colors_info=&#8221;{}&#8221; box_shadow_spread__hover_enabled=&#8221;on|hover&#8221; box_shadow_spread__hover=&#8221;-12px&#8221;][et_pb_image src=&#8221;https:\/\/futureforfish.org\/wp-content\/uploads\/2023\/09\/icon-5-2.png&#8221; title_text=&#8221;icon-5 (2)&#8221; _builder_version=&#8221;4.19.4&#8243; _module_preset=&#8221;default&#8221; hover_enabled=&#8221;0&#8243; global_colors_info=&#8221;{}&#8221; align_last_edited=&#8221;on|phone&#8221; align_phone=&#8221;right&#8221; sticky_enabled=&#8221;0&#8243;][\/et_pb_image][et_pb_text _builder_version=&#8221;4.19.4&#8243; _module_preset=&#8221;default&#8221; text_font=&#8221;Poppins||||||||&#8221; text_text_color=&#8221;#1E2A52&#8243; header_3_font=&#8221;Poppins||||||||&#8221; header_3_text_color=&#8221;#1E2A52&#8243; global_colors_info=&#8221;{}&#8221;]<\/p>\n<h3 style=\"text-align: center;\"><span style=\"font-weight: 400;\"><strong>\u00d6nc\u00fc bir \u00e7abay\u0131 destekleyin<\/strong> <\/span><\/h3>\n<p style=\"text-align: center;\"><span style=\"font-weight: 400;\">Elektrikli hasat sistemi ve bunun bal\u0131k refah\u0131 \u00fczerindeki etkisini daha iyi anlama misyonumuzu desteklemek i\u00e7in raporumuza bug\u00fcn \u00f6n kay\u0131t olun.<\/span><\/p>\n<p>[\/et_pb_text][\/et_pb_column][\/et_pb_row][\/et_pb_section][et_pb_section fb_built=&#8221;1&#8243; module_id=&#8221;Download-report&#8221; _builder_version=&#8221;4.19.4&#8243; _module_preset=&#8221;default&#8221; bottom_divider_style=&#8221;asymmetric3&#8243; bottom_divider_color=&#8221;#FAB12E&#8221; bottom_divider_height=&#8221;244px&#8221; global_colors_info=&#8221;{}&#8221;][et_pb_row column_structure=&#8221;1_3,1_3,1_3&#8243; _builder_version=&#8221;4.19.4&#8243; _module_preset=&#8221;default&#8221; width=&#8221;100%&#8221; max_width=&#8221;1245px&#8221; global_colors_info=&#8221;{}&#8221;][et_pb_column type=&#8221;1_3&#8243; _builder_version=&#8221;4.19.4&#8243; _module_preset=&#8221;default&#8221; global_colors_info=&#8221;{}&#8221;][et_pb_text _builder_version=&#8221;4.19.4&#8243; _module_preset=&#8221;default&#8221; text_font=&#8221;Poppins|800|||||||&#8221; text_text_color=&#8221;#1E2A52&#8243; text_font_size=&#8221;39px&#8221; text_line_height=&#8221;1.8em&#8221; header_font=&#8221;Poppins||||||||&#8221; width=&#8221;100%&#8221; width_tablet=&#8221;100%&#8221; width_phone=&#8221;auto&#8221; width_last_edited=&#8221;on|phone&#8221; height=&#8221;485px&#8221; custom_margin=&#8221;-46px|58px|-46px|58px|true|true&#8221; custom_padding=&#8221;|0px||0px||&#8221; hover_enabled=&#8221;0&#8243; text_text_shadow_style=&#8221;preset1&#8243; global_colors_info=&#8221;{}&#8221; sticky_enabled=&#8221;0&#8243; content_last_edited=&#8221;on|phone&#8221; content_phone=&#8221;<\/p>\n<p style=%22text-align: center;%22>\u00a0Raporumuzu buradan indirebilirsiniz!<\/p>\n<p>&#8221; custom_margin_last_edited=&#8221;on|phone&#8221; custom_margin_phone=&#8221;-142px|26px|-142px|26px|true|true&#8221; content_tablet=&#8221;<\/p>\n<p style=%22text-align: left;%22>Elektrikli \u00c7arpma Sistemi &#8211; T\u00fcrkiye \u0130ncelemesi Raporumuzu buradan indirebilirsiniz!<\/p>\n<p>&#8221; custom_margin_tablet=&#8221;-46px|58px|-46px|58px|true|true&#8221;]<\/p>\n<p style=\"text-align: left;\">Elektrikli \u00c7arpma Sistemi &#8211; T\u00fcrkiye \u0130ncelemesi Raporumuzu buradan indirebilirsiniz!<\/p>\n<p>[\/et_pb_text][\/et_pb_column][et_pb_column type=&#8221;1_3&#8243; _builder_version=&#8221;4.19.4&#8243; _module_preset=&#8221;default&#8221; global_colors_info=&#8221;{}&#8221;][et_pb_image src=&#8221;https:\/\/futureforfish.org\/wp-content\/uploads\/2024\/02\/Modern-Annual-Report.png&#8221; title_text=&#8221;Modern Annual Report&#8221; url=&#8221;https:\/\/futureforfish.org\/wp-content\/uploads\/2024\/02\/Baski-TR-Rapor-Final.pdf&#8221; url_new_window=&#8221;on&#8221; align=&#8221;right&#8221; _builder_version=&#8221;4.19.4&#8243; _module_preset=&#8221;default&#8221; width=&#8221;60%&#8221; custom_margin=&#8221;0px|207px|0px|207px|true|true&#8221; custom_padding=&#8221;||0px|||&#8221; hover_enabled=&#8221;0&#8243; box_shadow_style=&#8221;preset2&#8243; box_shadow_vertical=&#8221;0px&#8221; box_shadow_blur=&#8221;24px&#8221; box_shadow_spread=&#8221;4px&#8221; global_colors_info=&#8221;{}&#8221; box_shadow_horizontal__hover_enabled=&#8221;on|hover&#8221; box_shadow_horizontal__hover=&#8221;0px&#8221; box_shadow_vertical__hover_enabled=&#8221;on|desktop&#8221; sticky_enabled=&#8221;0&#8243; box_shadow_vertical__hover=&#8221;36px&#8221; box_shadow_blur__hover_enabled=&#8221;on|hover&#8221; box_shadow_spread__hover_enabled=&#8221;on|hover&#8221; width_last_edited=&#8221;on|phone&#8221; width_phone=&#8221;46%&#8221; height_last_edited=&#8221;on|phone&#8221; max_height=&#8221;1000px&#8221; height_phone=&#8221;269px&#8221; module_alignment_last_edited=&#8221;on|phone&#8221; module_alignment_phone=&#8221;center&#8221; custom_margin_last_edited=&#8221;on|phone&#8221; custom_margin_phone=&#8221;-87px|207px|-87px|207px|true|true&#8221; box_shadow_blur__hover=&#8221;24px&#8221; box_shadow_spread__hover=&#8221;4px&#8221; width_tablet=&#8221;60%&#8221; custom_margin_tablet=&#8221;0px|207px|0px|207px|true|true&#8221;][\/et_pb_image][\/et_pb_column][et_pb_column type=&#8221;1_3&#8243; _builder_version=&#8221;4.19.4&#8243; _module_preset=&#8221;default&#8221; global_colors_info=&#8221;{}&#8221;][et_pb_image src=&#8221;https:\/\/futureforfish.org\/wp-content\/uploads\/2024\/02\/Modern-Annual-Report-2.png&#8221; alt=&#8221;Bal\u0131k Refah\u0131 Raporu&#8221; title_text=&#8221;Bal\u0131k Refah\u0131 Raporu Kitap\u00e7\u0131k&#8221; _builder_version=&#8221;4.19.4&#8243; _module_preset=&#8221;default&#8221; width=&#8221;60%&#8221; module_alignment=&#8221;right&#8221; hover_enabled=&#8221;0&#8243; box_shadow_style=&#8221;preset2&#8243; box_shadow_vertical=&#8221;0px&#8221; box_shadow_blur=&#8221;24px&#8221; box_shadow_spread=&#8221;4px&#8221; global_colors_info=&#8221;{}&#8221; box_shadow_vertical__hover_enabled=&#8221;on|hover&#8221; box_shadow_vertical__hover=&#8221;36px&#8221; box_shadow_color__hover_enabled=&#8221;on|hover&#8221; box_shadow_color__hover=&#8221;rgba(0,0,0,0.36)&#8221; sticky_enabled=&#8221;0&#8243; box_shadow_blur__hover_enabled=&#8221;on|hover&#8221; box_shadow_spread__hover_enabled=&#8221;on|hover&#8221; box_shadow_horizontal__hover_enabled=&#8221;on|hover&#8221; url=&#8221;https:\/\/futureforfish.org\/wp-content\/uploads\/2024\/02\/FFF-rapor-2023.pdf&#8221; url_new_window=&#8221;on&#8221; custom_margin_last_edited=&#8221;on|phone&#8221; height_last_edited=&#8221;on|phone&#8221; height_phone=&#8221;269px&#8221; module_alignment_last_edited=&#8221;on|phone&#8221; module_alignment_phone=&#8221;center&#8221; align_last_edited=&#8221;on|phone&#8221; align_phone=&#8221;center&#8221; width_last_edited=&#8221;on|phone&#8221; width_phone=&#8221;46%&#8221; custom_padding_last_edited=&#8221;on|phone&#8221; custom_padding_phone=&#8221;103px||103px||true|false&#8221; custom_margin_phone=&#8221;1px||-45px||false|false&#8221; box_shadow_blur__hover=&#8221;24px&#8221; box_shadow_spread__hover=&#8221;4px&#8221; module_alignment_tablet=&#8221;right&#8221; width_tablet=&#8221;60%&#8221;][\/et_pb_image][\/et_pb_column][\/et_pb_row][\/et_pb_section]<\/p>\n","protected":false},"excerpt":{"rendered":"<p>ELEKTR\u0130KL\u0130 HASAT S\u0130STEM\u0130 T\u00dcRK\u0130YE RAPORUT\u00fcrkiye\u2019de bir ilk olan Elektrikli Hasat Sistemi Raporu\u2019muz yay\u0131nlan\u0131yor! Raporla ilgili geli\u015fmelerden haberdar olmak ve 17 Kas\u0131m 2023\u2019te raporun dijital kopyas\u0131na sahip olmak i\u00e7in kay\u0131t olmay\u0131 unutmay\u0131n.NELER SUNUYORUZNELER SUNUYORUZNELER SUNUYORUZ\u00c7\u0131\u011f\u0131r a\u00e7an bir giri\u015fimin par\u00e7as\u0131 olun Raporumuz, elektrikli hasat sistemi ve sonu\u00e7lar\u0131n\u0131 kapsaml\u0131 bir \u015fekilde ele alan T\u00fcrkiye&#8217;deki ilk rapor.Elektrikli Hasat Makinesine [&hellip;]<\/p>\n","protected":false},"author":1,"featured_media":0,"parent":0,"menu_order":0,"comment_status":"closed","ping_status":"closed","template":"","meta":{"_et_pb_use_builder":"on","_et_pb_old_content":"","_et_gb_content_width":"","om_disable_all_campaigns":false},"aioseo_notices":[],"_links":{"self":[{"href":"https:\/\/futureforfish.org\/index.php\/wp-json\/wp\/v2\/pages\/471"}],"collection":[{"href":"https:\/\/futureforfish.org\/index.php\/wp-json\/wp\/v2\/pages"}],"about":[{"href":"https:\/\/futureforfish.org\/index.php\/wp-json\/wp\/v2\/types\/page"}],"author":[{"embeddable":true,"href":"https:\/\/futureforfish.org\/index.php\/wp-json\/wp\/v2\/users\/1"}],"replies":[{"embeddable":true,"href":"https:\/\/futureforfish.org\/index.php\/wp-json\/wp\/v2\/comments?post=471"}],"version-history":[{"count":56,"href":"https:\/\/futureforfish.org\/index.php\/wp-json\/wp\/v2\/pages\/471\/revisions"}],"predecessor-version":[{"id":729,"href":"https:\/\/futureforfish.org\/index.php\/wp-json\/wp\/v2\/pages\/471\/revisions\/729"}],"wp:attachment":[{"href":"https:\/\/futureforfish.org\/index.php\/wp-json\/wp\/v2\/media?parent=471"}],"curies":[{"name":"wp","href":"https:\/\/api.w.org\/{rel}","templated":true}]}}